{"id":3962,"date":"2024-12-16T14:27:12","date_gmt":"2024-12-16T13:27:12","guid":{"rendered":"https:\/\/standout.eu\/live-events\/event-service\/"},"modified":"2025-03-06T08:50:31","modified_gmt":"2025-03-06T07:50:31","slug":"event-service","status":"publish","type":"page","link":"https:\/\/www.standout.eu\/en\/live-events\/event-service\/","title":{"rendered":"Event Service"},"content":{"rendered":"\n<div class=\"wp-block-columns is-layout-flex wp-container-core-columns-is-layout-9d6595d7 wp-block-columns-is-layout-flex\">\n<div class=\"wp-block-column mx-auto is-layout-flow wp-block-column-is-layout-flow\" style=\"flex-basis:60%\">\n<p class=\"has-text-align-left mx-auto\" style=\"font-size:1.5rem\"><strong>Your service partner for successful events: Everything from a single source.<\/strong><\/p>\n\n\n\n<p class=\"has-text-align-left mx-auto\" style=\"font-size:1.5rem\">Are you an event organiser looking for a reliable partner to manage your trade fair, congress or festival from A to Z? We are the service partner that offers you everything from a single source &#8211; from planning to realisation.<\/p>\n<\/div>\n\n\n\n<div class=\"wp-block-column infobox-live is-layout-flow wp-block-column-is-layout-flow\" style=\"flex-basis:40%\">\n<h3 class=\"wp-block-heading\">Your exclusive partner in the congress sector:<\/h3>\n\n\n\n<p>From customised signage and precise hall planning to state-of-the-art technical equipment and stylish furnishings. Whether it\u2018s a small workshop or a large congress &#8211; we are your perfect partner for transforming any event into an unforgettable experience. Rely on Standout and take your congress to the next level.<\/p>\n\n\n\n<h4 class=\"wp-block-heading\">Planning your event at VIECON?<\/h4>\n\n\n\n<div class=\"wp-block-buttons is-layout-flex wp-block-buttons-is-layout-flex\">\n<div class=\"wp-block-button\"><a class=\"wp-block-button__link wp-element-button\" href=\"https:\/\/www.standout.eu\/wp-content\/uploads\/2025\/02\/Signage_2025.pdf\">VIECON |  Signage Catalogue<\/a><\/div>\n<\/div>\n<\/div>\n<\/div>\n\n\n\n<h2 class=\"wp-block-heading has-text-align-center\">Our services for event organisers:<\/h2>\n\n\n        <div id=\"text-bild-nummeriert-block_5b3d48b6f4a991b0cd4ff252b4287c80\" class=\"text-bild-nummeriert\">\n            <div class=\"container\">\n                                        <div class=\"row\" data-aos=\"fade-up\">\n                            <div class=\"col-12 col-sm-12 col-md-6 d-flex\">\n                                <div class=\"counter\">\n                                    1                                <\/div>\n                                <div class=\"textblock\">\n                                    <div class=\"textblock_inner\">\n                                        <h3>Individual overall concept<\/h3>\n<p>We develop customised concepts that are perfectly tailored to the requirements of your event.<br \/>\nHall layout planning: Efficient and well thought-out room planning that ensures optimum utilisation of the available space.<\/p>\n                                    <\/div>\n                                <\/div>\n                            <\/div>\n                            <div class=\"col-12 col-sm-12 col-md-6 d-flex justify-content-end\">\n                                                                    <div class=\"image_container\">\n                                        <img loading=\"lazy\" decoding=\"async\" width=\"2560\" height=\"1440\" src=\"https:\/\/www.standout.eu\/wp-content\/uploads\/2024\/11\/STANDout_Imagefilm_Stills_1b-scaled.jpg\" class=\"attachment-full size-full\" alt=\"4 Personen in einem gesch\u00e4ftlichen Meeting an einem Tisch\" srcset=\"https:\/\/www.standout.eu\/wp-content\/uploads\/2024\/11\/STANDout_Imagefilm_Stills_1b-scaled.jpg 2560w, https:\/\/www.standout.eu\/wp-content\/uploads\/2024\/11\/STANDout_Imagefilm_Stills_1b-300x169.jpg 300w, https:\/\/www.standout.eu\/wp-content\/uploads\/2024\/11\/STANDout_Imagefilm_Stills_1b-1024x576.jpg 1024w, https:\/\/www.standout.eu\/wp-content\/uploads\/2024\/11\/STANDout_Imagefilm_Stills_1b-768x432.jpg 768w, https:\/\/www.standout.eu\/wp-content\/uploads\/2024\/11\/STANDout_Imagefilm_Stills_1b-1536x864.jpg 1536w, https:\/\/www.standout.eu\/wp-content\/uploads\/2024\/11\/STANDout_Imagefilm_Stills_1b-2048x1152.jpg 2048w\" sizes=\"auto, (max-width: 2560px) 100vw, 2560px\" \/>                                    <\/div>\n                                                            <\/div>\n                        <\/div>\n                                        <div class=\"row\" data-aos=\"fade-up\">\n                            <div class=\"col-12 col-sm-12 col-md-6 d-flex justify-content-start order-2 order-md-1\">\n                                                                    <div class=\"image_container\">\n                                        <img loading=\"lazy\" decoding=\"async\" width=\"2500\" height=\"1667\" src=\"https:\/\/www.standout.eu\/wp-content\/uploads\/2024\/11\/IMG_9414-HDR.jpg\" class=\"attachment-full size-full\" alt=\"Gro\u00dfer Bildschirm in einer Messehalle\" srcset=\"https:\/\/www.standout.eu\/wp-content\/uploads\/2024\/11\/IMG_9414-HDR.jpg 2500w, https:\/\/www.standout.eu\/wp-content\/uploads\/2024\/11\/IMG_9414-HDR-300x200.jpg 300w, https:\/\/www.standout.eu\/wp-content\/uploads\/2024\/11\/IMG_9414-HDR-1024x683.jpg 1024w, https:\/\/www.standout.eu\/wp-content\/uploads\/2024\/11\/IMG_9414-HDR-768x512.jpg 768w, https:\/\/www.standout.eu\/wp-content\/uploads\/2024\/11\/IMG_9414-HDR-1536x1024.jpg 1536w, https:\/\/www.standout.eu\/wp-content\/uploads\/2024\/11\/IMG_9414-HDR-2048x1366.jpg 2048w\" sizes=\"auto, (max-width: 2500px) 100vw, 2500px\" \/>                                    <\/div>\n                                                            <\/div>\n                            <div class=\"col-12 col-sm-12 col-md-6 d-flex order-1 order-md-2\">\n                                <div class=\"counter\">\n                                    2                                <\/div>\n                                <div class=\"textblock\">\n                                    <div class=\"textblock_inner\">\n                                        <h3>Technical equipment<\/h3>\n<p>Modern technology solutions that take your event to the next level &#8211; from lighting to audio technology.<br \/>\nSignage: Professional signage and signposting to ensure that your visitors can find their way easily.<\/p>\n                                    <\/div>\n                                <\/div>\n                            <\/div>\n                        <\/div>\n                                            <div class=\"row\" data-aos=\"fade-up\">\n                            <div class=\"col-12 col-sm-12 col-md-6 d-flex\">\n                                <div class=\"counter\">\n                                    3                                <\/div>\n                                <div class=\"textblock\">\n                                    <div class=\"textblock_inner\">\n                                        <h3>System &#038; individual construction<\/h3>\n<p>Flexible system construction and customised individual construction solutions for unique and functional event structures.<\/p>\n                                    <\/div>\n                                <\/div>\n                            <\/div>\n                            <div class=\"col-12 col-sm-12 col-md-6 d-flex justify-content-end\">\n                                                                    <div class=\"image_container\">\n                                        <img loading=\"lazy\" decoding=\"async\" width=\"1024\" height=\"576\" src=\"https:\/\/www.standout.eu\/wp-content\/uploads\/2024\/10\/standout_imagefilm_stills_7b0.jpg\" class=\"attachment-full size-full\" alt=\"\" srcset=\"https:\/\/www.standout.eu\/wp-content\/uploads\/2024\/10\/standout_imagefilm_stills_7b0.jpg 1024w, https:\/\/www.standout.eu\/wp-content\/uploads\/2024\/10\/standout_imagefilm_stills_7b0-300x169.jpg 300w, https:\/\/www.standout.eu\/wp-content\/uploads\/2024\/10\/standout_imagefilm_stills_7b0-768x432.jpg 768w\" sizes=\"auto, (max-width: 1024px) 100vw, 1024px\" \/>                                    <\/div>\n                                                            <\/div>\n                        <\/div>\n                                        <div class=\"row\" data-aos=\"fade-up\">\n                            <div class=\"col-12 col-sm-12 col-md-6 d-flex justify-content-start order-2 order-md-1\">\n                                                                    <div class=\"image_container\">\n                                        <img loading=\"lazy\" decoding=\"async\" width=\"2400\" height=\"1600\" src=\"https:\/\/www.standout.eu\/wp-content\/uploads\/2024\/11\/IMG_6356-HDR.jpg\" class=\"attachment-full size-full\" alt=\"Sitzreihen in einem Veranstaltungssaal mit Blick auf die B\u00fchne\" srcset=\"https:\/\/www.standout.eu\/wp-content\/uploads\/2024\/11\/IMG_6356-HDR.jpg 2400w, https:\/\/www.standout.eu\/wp-content\/uploads\/2024\/11\/IMG_6356-HDR-300x200.jpg 300w, https:\/\/www.standout.eu\/wp-content\/uploads\/2024\/11\/IMG_6356-HDR-1024x683.jpg 1024w, https:\/\/www.standout.eu\/wp-content\/uploads\/2024\/11\/IMG_6356-HDR-768x512.jpg 768w, https:\/\/www.standout.eu\/wp-content\/uploads\/2024\/11\/IMG_6356-HDR-1536x1024.jpg 1536w, https:\/\/www.standout.eu\/wp-content\/uploads\/2024\/11\/IMG_6356-HDR-2048x1365.jpg 2048w\" sizes=\"auto, (max-width: 2400px) 100vw, 2400px\" \/>                                    <\/div>\n                                                            <\/div>\n                            <div class=\"col-12 col-sm-12 col-md-6 d-flex order-1 order-md-2\">\n                                <div class=\"counter\">\n                                    4                                <\/div>\n                                <div class=\"textblock\">\n                                    <div class=\"textblock_inner\">\n                                        <h3>Rental equipment<\/h3>\n<p>From furniture to technology &#8211; we offer a wide range of rental equipment for every type of event.<\/p>\n                                    <\/div>\n                                <\/div>\n                            <\/div>\n                        <\/div>\n                                <\/div>\n        <\/div>\n    \n\n        <div id=\"bg-image-text-block_ad301ed7c848c731b2b8895a94d44d24\" class=\"bg-image-text width-100 height-50\" data-aos=\"fade-up\">\n            <div class=\"container\">\n                <div class=\"row\">\n                                            <div class=\"col col-12\">\n                            <h3 style=\"text-align: center;\">Dank unserer eigenen Produktion k\u00f6nnen wir ma\u00dfgeschneiderte L\u00f6sungen anbieten und mit unserer effizienten Logistik europaweit termingerecht liefern \u2013 und das zu fairen Preisen. Setzen Sie auf unsere Erfahrung und Kompetenz, um Ihre Veranstaltung zum Erfolg zu f\u00fchren.<\/h3>\n                        <\/div>\n                                    <\/div>\n            <\/div>\n\n            <style type=\"text\/css\">\n                #bg-image-text-block_ad301ed7c848c731b2b8895a94d44d24 {\n                    background: url(\"https:\/\/www.standout.eu\/wp-content\/uploads\/2024\/08\/LeisteGrau-1.png\") no-repeat center;\n                    background-size: cover;\n                }\n            <\/style>\n        <\/div>\n    \n\n\n<div style=\"height:10px\" aria-hidden=\"true\" class=\"wp-block-spacer\"><\/div>\n\n\n        <div id=\"hyperlink-section-block_bcdadd6d72d6b46ad32c443418e3d12d\" class=\"hyperlink-section width-100 height-50\">\n            <div class=\"container d-flex flex-column justify-content-around align-items-center\" >\n                <div class=\"d-flex flex-column align-items-center\">\n                    <div class=\"headline\">\n                        <h2>Haben wir Ihr Interesse geweckt?<\/h2>\n                    <\/div>\n                    <div class=\"textblock\">\n                        <p style=\"text-align: center;\">Kontaktieren Sie uns und erfahren Sie, wie wir Ihr Event mit unserem umfassenden Serviceangebot unterst\u00fctzen k\u00f6nnen!<\/p>\n                    <\/div>\n                <\/div>\n                <div class=\"hyperlink_button\">\n                                        <a class=\"hyperlink_section_link\" href=\"mailto:liveevents@standout.eu\">CONTACT OUR TRADE FAIR TEAM<\/a>\n                <\/div>\n\n            <\/div>\n        <\/div>\n        <style type=\"text\/css\">\n            #hyperlink-section-block_bcdadd6d72d6b46ad32c443418e3d12d {\n                background-color: #cccccc;\n            }\n\n            #hyperlink-section-block_bcdadd6d72d6b46ad32c443418e3d12d .headline h2 {\n                color: #e6007e;\n            }\n\n            #hyperlink-section-block_bcdadd6d72d6b46ad32c443418e3d12d a.hyperlink_section_link {\n                background-color: #d3008d;\n            }\n\n            #hyperlink-section-block_bcdadd6d72d6b46ad32c443418e3d12d a.hyperlink_section_link:hover {\n                background-color: #d3008d;\n            }\n        <\/style>\n    ","protected":false},"excerpt":{"rendered":"<p>Your service partner for successful events: Everything from a single source. Are you an event organiser looking for a reliable partner to manage your trade fair, congress or festival from A to Z? We are the service partner that offers you everything from a single source &#8211; from planning to realisation. Your exclusive partner in [&hellip;]<\/p>\n","protected":false},"author":2,"featured_media":0,"parent":3958,"menu_order":2,"comment_status":"closed","ping_status":"closed","template":"page-header-small.php","meta":{"_acf_changed":false,"footnotes":""},"class_list":["post-3962","page","type-page","status-publish","hentry"],"acf":[],"_links":{"self":[{"href":"https:\/\/www.standout.eu\/en\/wp-json\/wp\/v2\/pages\/3962","targetHints":{"allow":["GET"]}}],"collection":[{"href":"https:\/\/www.standout.eu\/en\/wp-json\/wp\/v2\/pages"}],"about":[{"href":"https:\/\/www.standout.eu\/en\/wp-json\/wp\/v2\/types\/page"}],"author":[{"embeddable":true,"href":"https:\/\/www.standout.eu\/en\/wp-json\/wp\/v2\/users\/2"}],"replies":[{"embeddable":true,"href":"https:\/\/www.standout.eu\/en\/wp-json\/wp\/v2\/comments?post=3962"}],"version-history":[{"count":11,"href":"https:\/\/www.standout.eu\/en\/wp-json\/wp\/v2\/pages\/3962\/revisions"}],"predecessor-version":[{"id":4366,"href":"https:\/\/www.standout.eu\/en\/wp-json\/wp\/v2\/pages\/3962\/revisions\/4366"}],"up":[{"embeddable":true,"href":"https:\/\/www.standout.eu\/en\/wp-json\/wp\/v2\/pages\/3958"}],"wp:attachment":[{"href":"https:\/\/www.standout.eu\/en\/wp-json\/wp\/v2\/media?parent=3962"}],"curies":[{"name":"wp","href":"https:\/\/api.w.org\/{rel}","templated":true}]}}